{"id":252,"date":"2023-05-08T18:29:11","date_gmt":"2023-05-08T16:29:11","guid":{"rendered":"https:\/\/www.fpfinanz.at\/?page_id=252"},"modified":"2023-05-09T08:04:26","modified_gmt":"2023-05-09T06:04:26","slug":"bautraeger-finanzierungen","status":"publish","type":"page","link":"https:\/\/www.fpfinanz.at\/?page_id=252","title":{"rendered":"Projekt-Finanzierungen"},"content":{"rendered":"\n<p><strong>Kapitalstrukturierung<\/strong> \u00fcber Fremdkapital, Mezzanine Kapital, Bridge Finanzierung, Crowed Funding und Privatinvestoren<\/p>\n\n\n\n<p>F\u00fcr Bautr\u00e4ger und Immobilien-Entwickler organisieren wir gerne Projektfinanzierungen. Diese Finanzierungen sind entweder auf das betreffende Projekt bezogen oder k\u00f6nnen auch als Holding Finanzierung f\u00fcr mehrere Projekte strukturiert werden.&nbsp;<\/p>\n\n\n\n<p>Entsprechend der hinterlegten Sicherheiten und der Bonit\u00e4t des Kunden errechnet sich die EM-Erfordernis, Vorverwertungsquote, sowie der Zinssatz. Dieser kann auch f\u00fcr mehrere Jahre fixiert werden. Laufzeit und Tilgung der Projektfinanzierung richten sich nach der Nutzungsdauer der Investition bzw. der geplanten Projektdauer.<\/p>\n","protected":false},"excerpt":{"rendered":"<p>Kapitalstrukturierung \u00fcber Fremdkapital, Mezzanine Kapital, Bridge Finanzierung, Crowed Funding und Privatinvestoren F\u00fcr Bautr\u00e4ger und Immobilien-Entwickler organisieren wir gerne Projektfinanzierungen. Diese Finanzierungen sind entweder auf das betreffende Projekt bezogen oder k\u00f6nnen auch als Holding Finanzierung f\u00fcr mehrere Projekte strukturiert werden.&nbsp; Entsprechend der hinterlegten Sicherheiten und der Bonit\u00e4t des Kunden errechnet sich die EM-Erfordernis, Vorverwertungsquote, sowie der &hellip; <\/p>\n<p class=\"link-more\"><a href=\"https:\/\/www.fpfinanz.at\/?page_id=252\" class=\"more-link\"><span class=\"screen-reader-text\">\u201eProjekt-Finanzierungen\u201c<\/span> weiterlesen<\/a><\/p>\n","protected":false},"author":1,"featured_media":0,"parent":0,"menu_order":0,"comment_status":"closed","ping_status":"closed","template":"","meta":[],"_links":{"self":[{"href":"https:\/\/www.fpfinanz.at\/index.php?rest_route=\/wp\/v2\/pages\/252"}],"collection":[{"href":"https:\/\/www.fpfinanz.at\/index.php?rest_route=\/wp\/v2\/pages"}],"about":[{"href":"https:\/\/www.fpfinanz.at\/index.php?rest_route=\/wp\/v2\/types\/page"}],"author":[{"embeddable":true,"href":"https:\/\/www.fpfinanz.at\/index.php?rest_route=\/wp\/v2\/users\/1"}],"replies":[{"embeddable":true,"href":"https:\/\/www.fpfinanz.at\/index.php?rest_route=%2Fwp%2Fv2%2Fcomments&post=252"}],"version-history":[{"count":5,"href":"https:\/\/www.fpfinanz.at\/index.php?rest_route=\/wp\/v2\/pages\/252\/revisions"}],"predecessor-version":[{"id":296,"href":"https:\/\/www.fpfinanz.at\/index.php?rest_route=\/wp\/v2\/pages\/252\/revisions\/296"}],"wp:attachment":[{"href":"https:\/\/www.fpfinanz.at\/index.php?rest_route=%2Fwp%2Fv2%2Fmedia&parent=252"}],"curies":[{"name":"wp","href":"https:\/\/api.w.org\/{rel}","templated":true}]}}