{"id":168,"date":"2020-07-08T15:51:48","date_gmt":"2020-07-08T13:51:48","guid":{"rendered":"http:\/\/www.fpfinanz.at\/?page_id=168"},"modified":"2023-05-08T15:30:48","modified_gmt":"2023-05-08T13:30:48","slug":"datenschutz","status":"publish","type":"page","link":"https:\/\/www.fpfinanz.at\/?page_id=168","title":{"rendered":"Datenschutz"},"content":{"rendered":"\n<h1 class=\"wp-block-heading\">Datensicherheit<\/h1>\n\n\n\n<h2 class=\"wp-block-heading\">Modernster Schutz f\u00fcr Ihre Daten<\/h2>\n\n\n\n<p>Ihre Daten sind bei uns in sicheren H\u00e4nden. Wir legen gro\u00dfen Wert auf den Schutz Ihrer Daten und die Wahrung Ihrer Privatsph\u00e4re. Als Nutzer unserer Website informieren wir Sie in dieser Datenschutzerkl\u00e4rung, welche Daten durch den Besuch der Website bekannt und erfasst werden und wie mit Ihnen umgegangen wird. Ihre personenbezogenen Daten verarbeiten wir ausschlie\u00dflich im Rahmen der Bestimmungen der Datenschutzgrundverordnung (DSGVO) sowie des Datenschutzgesetzes.<\/p>\n\n\n\n<h3 class=\"wp-block-heading\">1) Erfassung allgemeiner Informationen<\/h3>\n\n\n\n<p>Sie k\u00f6nnen unsere Website grunds\u00e4tzlich besuchen, ohne Angaben zu Ihrer Person zu machen. Aus technischen Gr\u00fcnden allerdings erfassen und speichern wir Daten, die Ihr Internetbrowser \u00fcbermittelt. Diese sogenannten Server-Logfiles enthalten die Art des Webbrowsers, das verwendete Betriebssystem, den Domain-Namen Ihres Internet-Providers, die Referrer-URL (jene Seite, von der Sie auf unsere Seite gewechselt sind), den Zeitpunkt des Besuches und Ihre IP-Adresse. Die vom Server gespeicherten Daten k\u00f6nnen nicht einer bestimmten Person zugeordnet werden und dienen ausschlie\u00dflich dazu, einen st\u00f6rungsfreien Betrieb der Website zu gew\u00e4hrleisten und f\u00fcr statistische Zwecke. Dar\u00fcber hinaus verarbeiten wir nur jene personenbezogenen Daten, die Sie uns als Nutzer der Website durch Angaben, etwa im Rahmen einer Anfrage zur Verf\u00fcgung stellen.<\/p>\n\n\n\n<h3 class=\"wp-block-heading\">2) Personenbezogene Daten \/ Kontaktformulare<\/h3>\n\n\n\n<p>Sie k\u00f6nnen \u00fcber die auf unserer Website zur Verf\u00fcgung stehenden Formulare oder per E-Mail Kontakt mit uns aufnehmen. Im Rahmen einer Kontaktaufnahme mit uns werden alle freiwillig von Ihnen \u00fcbermittelten personenbezogenen Daten und Angaben gespeichert und verarbeitet. Dies dient zum Zwecke der Bearbeitung und technischen Administration Ihrer Anfrage, sowie f\u00fcr m\u00f6gliche Anschlussfragen. Zur Bearbeitung der Anfrage und f\u00fcr allf\u00e4llige Folgefragen speichern wir die eingegebenen Daten f\u00fcr sechs Monate. Welche Daten erhoben werden ist aus dem jeweiligen Kontaktformular ersichtlich.<\/p>\n\n\n\n<h3 class=\"wp-block-heading\">3) Nutzung und Weitergabe personenbezogener Daten<\/h3>\n\n\n\n<p>Soweit Sie uns als Nutzer unserer Webseite personenbezogene Daten zur Verf\u00fcgung gestellt haben, verwenden wir diese nur zur Beantwortung Ihrer Anfrage und f\u00fcr die technische Administration. Wir werden Ihre Daten nicht l\u00e4nger aufbewahren als es zur Erf\u00fcllung des mit der Speicherung verfolgten Zwecks notwendig oder aufgrund rechtlicher Anforderungen erforderlich ist. Werden Daten nicht von einer gesetzlichen Archivierungspflicht erfasst, l\u00f6schen wir Ihre Daten sobald der Zweck, zu dem sie erhoben wurden, weggefallen ist. Die von Ihnen zur Verf\u00fcgung gestellten Daten werden streng vertraulich behandelt. Ohne Ihre Einwilligung geben wir keine personenbezogenen Daten weiter, es sei denn, dass wir rechtlich dazu verpflichtet sind. Wir weisen jedoch darauf hin, dass es bei der \u00dcbermittlung von Daten im Internet immer dazu kommen kann, dass Dritte Ihre Daten zur Kenntnis nehmen oder verf\u00e4lschen.<\/p>\n\n\n\n<h3 class=\"wp-block-heading\">4) Ihr Recht auf Auskunft, Berichtigung, L\u00f6schung, Einschr\u00e4nkung der Verarbeitung<\/h3>\n\n\n\n<p>Sie erhalten jederzeit unentgeltlich Auskunft \u00fcber die von uns gespeicherten, personenbezogenen Daten zu Ihrer Person sowie zur Herkunft und den Zweck von Datenerhebung sowie Datenverarbeitung. Ebenso haben Sie grunds\u00e4tzlich das Recht auf Berichtigung, Einschr\u00e4nkung, Daten\u00fcbertragbarkeit, Widerruf, Widerspruch und \u2013 abgesehen von gesetzlichen Archivierungspflichten \u2013 L\u00f6schung. Damit eine Einschr\u00e4nkung jederzeit realisiert werden kann, m\u00fcssen die Daten zu Kontrollzwecken in einer Sperrdatei vorgehalten werden. Sie k\u00f6nnen \u00c4nderungen oder den Widerruf einer Einwilligung durch entsprechende Mitteilung an uns mit Wirkung f\u00fcr die Zukunft vornehmen. Richten Sie Ihre Anfrage bitte an office@fpfinanz.at oder postalisch an Farnleitner &amp; Partner KG, Hauptstrasse 30, 2603 Felixdorf. Wenn Sie glauben, dass die Verarbeitung Ihrer Daten gegen das Datenschutzrecht verst\u00f6\u00dft oder Ihre datenschutzrechtlichen Anspr\u00fcche sonst in einer Weise verletzt worden sind, k\u00f6nnen Sie sich bei der zust\u00e4ndigen Beh\u00f6rde beschweren. In \u00d6sterreich ist dies die Datenschutzbeh\u00f6rde.<\/p>\n\n\n\n<h3 class=\"wp-block-heading\">5) \u00c4nderung der Datenschutzbestimmungen<\/h3>\n\n\n\n<p>Wir behalten uns vor, die Datenschutzerkl\u00e4rung gelegentlich anzupassen, damit sie stets den aktuellen rechtlichen Anforderungen entspricht oder um \u00c4nderungen unserer Leistungen in der Datenschutzerkl\u00e4rung umzusetzen, zB bei der Einf\u00fchrung neuer Services. F\u00fcr Ihren erneuten Besuch gilt dann die neue Datenschutzerkl\u00e4rung.<\/p>\n\n\n\n<h3 class=\"wp-block-heading\">6) Sie erreichen uns unter folgenden Kontaktdaten<\/h3>\n\n\n\n<p>DC Tower<br>Donau-City-Strasse 7, 30. Stock<br>A-1220 Wien<\/p>\n\n\n\n<p>E: h.macheiner@fpfinanz.at<\/p>\n","protected":false},"excerpt":{"rendered":"<p>Datensicherheit Modernster Schutz f\u00fcr Ihre Daten Ihre Daten sind bei uns in sicheren H\u00e4nden. Wir legen gro\u00dfen Wert auf den Schutz Ihrer Daten und die Wahrung Ihrer Privatsph\u00e4re. Als Nutzer unserer Website informieren wir Sie in dieser Datenschutzerkl\u00e4rung, welche Daten durch den Besuch der Website bekannt und erfasst werden und wie mit Ihnen umgegangen wird. &hellip; <\/p>\n<p class=\"link-more\"><a href=\"https:\/\/www.fpfinanz.at\/?page_id=168\" class=\"more-link\"><span class=\"screen-reader-text\">\u201eDatenschutz\u201c<\/span> weiterlesen<\/a><\/p>\n","protected":false},"author":3,"featured_media":0,"parent":0,"menu_order":0,"comment_status":"closed","ping_status":"closed","template":"","meta":[],"_links":{"self":[{"href":"https:\/\/www.fpfinanz.at\/index.php?rest_route=\/wp\/v2\/pages\/168"}],"collection":[{"href":"https:\/\/www.fpfinanz.at\/index.php?rest_route=\/wp\/v2\/pages"}],"about":[{"href":"https:\/\/www.fpfinanz.at\/index.php?rest_route=\/wp\/v2\/types\/page"}],"author":[{"embeddable":true,"href":"https:\/\/www.fpfinanz.at\/index.php?rest_route=\/wp\/v2\/users\/3"}],"replies":[{"embeddable":true,"href":"https:\/\/www.fpfinanz.at\/index.php?rest_route=%2Fwp%2Fv2%2Fcomments&post=168"}],"version-history":[{"count":2,"href":"https:\/\/www.fpfinanz.at\/index.php?rest_route=\/wp\/v2\/pages\/168\/revisions"}],"predecessor-version":[{"id":239,"href":"https:\/\/www.fpfinanz.at\/index.php?rest_route=\/wp\/v2\/pages\/168\/revisions\/239"}],"wp:attachment":[{"href":"https:\/\/www.fpfinanz.at\/index.php?rest_route=%2Fwp%2Fv2%2Fmedia&parent=168"}],"curies":[{"name":"wp","href":"https:\/\/api.w.org\/{rel}","templated":true}]}}